{"id":21,"date":"2020-12-08T03:53:12","date_gmt":"2020-12-08T00:53:12","guid":{"rendered":"https:\/\/gaviaspreview.com\/wp\/funden\/?page_id=21"},"modified":"2024-09-16T13:20:41","modified_gmt":"2024-09-16T10:20:41","slug":"hakkimizda","status":"publish","type":"page","link":"https:\/\/ergunlerprefabrik.com.tr\/en\/hakkimizda\/","title":{"rendered":"About Us"},"content":{"rendered":"<div data-elementor-type=\"wp-page\" data-elementor-id=\"21\" class=\"elementor elementor-21\">\n\t\t\t\t\t\t<section class=\"elementor-section elementor-top-section elementor-element elementor-element-cc83c20 elementor-section-boxed elementor-section-height-default elementor-section-height-default\" data-id=\"cc83c20\" data-element_type=\"section\" data-settings=\"{&quot;background_background&quot;:&quot;slideshow&quot;,&quot;background_slideshow_gallery&quot;:[{&quot;id&quot;:2050,&quot;url&quot;:&quot;https:\\\/\\\/ergunlerprefabrik.com.tr\\\/wp-content\\\/uploads\\\/2023\\\/09\\\/about-us-banner.jpg&quot;},{&quot;id&quot;:2072,&quot;url&quot;:&quot;https:\\\/\\\/ergunlerprefabrik.com.tr\\\/wp-content\\\/uploads\\\/2023\\\/09\\\/campaign-creators-gMsnXqILjp4-unsplash-scaled.jpg&quot;},{&quot;id&quot;:2052,&quot;url&quot;:&quot;https:\\\/\\\/ergunlerprefabrik.com.tr\\\/wp-content\\\/uploads\\\/2023\\\/09\\\/welcome-to-our-business-accounting-services-web-header.jpg-nggid044143-ngg0dyn-1280x720x100-00f0w010c010r110f110r010t010.jpg&quot;}],&quot;background_slideshow_ken_burns&quot;:&quot;yes&quot;,&quot;background_slideshow_slide_duration&quot;:10000,&quot;background_slideshow_transition_duration&quot;:1000,&quot;background_slideshow_loop&quot;:&quot;yes&quot;,&quot;background_slideshow_slide_transition&quot;:&quot;fade&quot;,&quot;background_slideshow_ken_burns_zoom_direction&quot;:&quot;in&quot;}\">\n\t\t\t\t\t\t\t<div class=\"elementor-background-overlay\"><\/div>\n\t\t\t\t\t\t\t<div class=\"elementor-container elementor-column-gap-default\">\n\t\t\t\t\t<div class=\"elementor-column elementor-col-100 elementor-top-column elementor-element elementor-element-d6d0623\" data-id=\"d6d0623\" data-element_type=\"column\">\n\t\t\t<div class=\"elementor-widget-wrap elementor-element-populated\">\n\t\t\t\t\t\t<div class=\"elementor-element elementor-element-af9ebd6 elementor-widget elementor-widget-gva-heading-block\" data-id=\"af9ebd6\" data-element_type=\"widget\" data-widget_type=\"gva-heading-block.default\">\n\t\t\t\t<div class=\"elementor-widget-container\">\n\t\t\t\t\t<div class=\"gva-element-gva-heading-block gva-element\">   <div class=\"align-center style-1 widget gsc-heading box-align-left auto-responsive\">\r\n      <div class=\"content-inner\">\r\n         \r\n         \r\n           \r\n         \r\n                     <h2 class=\"title\">\r\n               <span>About Us<\/span>\r\n            <\/h2>\r\n                  \r\n         \r\n      <\/div>\r\n   <\/div>\r\n<\/div>\t\t\t\t<\/div>\n\t\t\t\t<\/div>\n\t\t\t\t\t<\/div>\n\t\t<\/div>\n\t\t\t\t\t<\/div>\n\t\t<\/section>\n\t\t\t\t<section class=\"elementor-section elementor-top-section elementor-element elementor-element-fc6716a elementor-section-boxed elementor-section-height-default elementor-section-height-default\" data-id=\"fc6716a\" data-element_type=\"section\">\n\t\t\t\t\t\t<div class=\"elementor-container elementor-column-gap-default\">\n\t\t\t\t\t<div class=\"elementor-column elementor-col-50 elementor-top-column elementor-element elementor-element-61e4aa4\" data-id=\"61e4aa4\" data-element_type=\"column\">\n\t\t\t<div class=\"elementor-widget-wrap elementor-element-populated\">\n\t\t\t\t\t\t<div class=\"elementor-element elementor-element-d09a689 imaj elementor-widget elementor-widget-image\" data-id=\"d09a689\" data-element_type=\"widget\" id=\"imaj\" data-widget_type=\"image.default\">\n\t\t\t\t<div class=\"elementor-widget-container\">\n\t\t\t\t\t\t\t\t\t\t\t\t\t\t\t<img fetchpriority=\"high\" decoding=\"async\" width=\"485\" height=\"300\" src=\"https:\/\/ergunlerprefabrik.com.tr\/wp-content\/uploads\/2023\/09\/danismanlik-hizmetleri-11.jpg\" class=\"attachment-large size-large wp-image-1946\" alt=\"\" \/>\t\t\t\t\t\t\t\t\t\t\t\t\t\t\t<\/div>\n\t\t\t\t<\/div>\n\t\t\t\t\t<\/div>\n\t\t<\/div>\n\t\t\t\t<div class=\"elementor-column elementor-col-50 elementor-top-column elementor-element elementor-element-a0bc4c2\" data-id=\"a0bc4c2\" data-element_type=\"column\">\n\t\t\t<div class=\"elementor-widget-wrap elementor-element-populated\">\n\t\t\t\t\t\t<div class=\"elementor-element elementor-element-02da862 icon-box-left elementor-widget elementor-widget-text-editor\" data-id=\"02da862\" data-element_type=\"widget\" data-widget_type=\"text-editor.default\">\n\t\t\t\t<div class=\"elementor-widget-container\">\n\t\t\t\t\t\t\t\t\t<p>Founded in 1994, B. Erg\u00fcnler Yol Yap\u0131 A.\u015e. began its operations in bridge, tunnel, and highway construction. Subsequently, the company expanded its scope by engaging in the development of Hydroelectric Power Plants, Wind Power Plants, and Solar Power Plants. Most recently, we have established an Industrial Prefabricated Structure Components Facility.<\/p>\t\t\t\t\t\t\t\t<\/div>\n\t\t\t\t<\/div>\n\t\t\t\t\t<\/div>\n\t\t<\/div>\n\t\t\t\t\t<\/div>\n\t\t<\/section>\n\t\t\t\t<section class=\"elementor-section elementor-top-section elementor-element elementor-element-cfe9709 elementor-section-boxed elementor-section-height-default elementor-section-height-default\" data-id=\"cfe9709\" data-element_type=\"section\">\n\t\t\t\t\t\t<div class=\"elementor-container elementor-column-gap-default\">\n\t\t\t\t\t<div class=\"elementor-column elementor-col-100 elementor-top-column elementor-element elementor-element-b600727\" data-id=\"b600727\" data-element_type=\"column\">\n\t\t\t<div class=\"elementor-widget-wrap elementor-element-populated\">\n\t\t\t\t\t\t<div class=\"elementor-element elementor-element-f4cbfa2 elementor-position-inline-start icon-box-left elementor-view-default elementor-mobile-position-block-start elementor-widget elementor-widget-icon-box\" data-id=\"f4cbfa2\" data-element_type=\"widget\" data-widget_type=\"icon-box.default\">\n\t\t\t\t<div class=\"elementor-widget-container\">\n\t\t\t\t\t\t\t<div class=\"elementor-icon-box-wrapper\">\n\n\t\t\t\t\t\t<div class=\"elementor-icon-box-icon\">\n\t\t\t\t<span  class=\"elementor-icon\">\n\t\t\t\t<i aria-hidden=\"true\" class=\"fas fa-check-double\"><\/i>\t\t\t\t<\/span>\n\t\t\t<\/div>\n\t\t\t\n\t\t\t\t\t\t<div class=\"elementor-icon-box-content\">\n\n\t\t\t\t\t\t\t\t\t<h3 class=\"elementor-icon-box-title\">\n\t\t\t\t\t\t<span  >\n\t\t\t\t\t\t\tThe foundations of our Prefabricated Production Facility, laid in 2023,\t\t\t\t\t\t<\/span>\n\t\t\t\t\t<\/h3>\n\t\t\t\t\n\t\t\t\t\t\t\t\t\t<p class=\"elementor-icon-box-description\">\n\t\t\t\t\t\tLocated in the Kestel district of Bursa, on a 118,000 m2 plot, our production facility initially covers 12,000 m2 of closed area. With the second phase, the total closed area will reach 24,000 m2, alongside 50,000 m2 of storage space. We have already begun the production of Industrial Building Components at our facility.\t\t\t\t\t<\/p>\n\t\t\t\t\n\t\t\t<\/div>\n\t\t\t\n\t\t<\/div>\n\t\t\t\t\t\t<\/div>\n\t\t\t\t<\/div>\n\t\t\t\t\t<\/div>\n\t\t<\/div>\n\t\t\t\t\t<\/div>\n\t\t<\/section>\n\t\t\t\t<\/div>","protected":false},"excerpt":{"rendered":"<p>Hakk\u0131m\u0131zda 1994 y\u0131l\u0131nda kurulan B. Erg\u00fcnler Yol Yap\u0131 A.\u015e., k\u00f6pr\u00fc, t\u00fcnel, otoyol in\u015faatlar\u0131nda faaliyetlerine ba\u015flam\u0131\u015f, akabinde Hidroelektrik Santralleri, R\u00fczg\u00e2r Enerji Santralleri ve G\u00fcne\u015f Enerji Santralleri ile faaliyet alan\u0131n\u0131n geli\u015ftirmi\u015f, son olarak da End\u00fcstriyel Prefabrik Yap\u0131 elemanlar\u0131 Tesisi kurmu\u015f bulunmaktay\u0131z. Fikri temelleri 2023 y\u0131l\u0131nda at\u0131lan Prefabrik \u00dcretim Tesisimizin, Bursa \u0130li, Kestel il\u00e7esinde, 118.000 m2 arsa \u00fczerine, [&hellip;]<\/p>","protected":false},"author":1,"featured_media":0,"parent":0,"menu_order":0,"comment_status":"closed","ping_status":"closed","template":"","meta":{"footnotes":""},"categories":[],"tags":[],"class_list":["post-21","page","type-page","status-publish","hentry"],"_links":{"self":[{"href":"https:\/\/ergunlerprefabrik.com.tr\/en\/wp-json\/wp\/v2\/pages\/21","targetHints":{"allow":["GET"]}}],"collection":[{"href":"https:\/\/ergunlerprefabrik.com.tr\/en\/wp-json\/wp\/v2\/pages"}],"about":[{"href":"https:\/\/ergunlerprefabrik.com.tr\/en\/wp-json\/wp\/v2\/types\/page"}],"author":[{"embeddable":true,"href":"https:\/\/ergunlerprefabrik.com.tr\/en\/wp-json\/wp\/v2\/users\/1"}],"replies":[{"embeddable":true,"href":"https:\/\/ergunlerprefabrik.com.tr\/en\/wp-json\/wp\/v2\/comments?post=21"}],"version-history":[{"count":208,"href":"https:\/\/ergunlerprefabrik.com.tr\/en\/wp-json\/wp\/v2\/pages\/21\/revisions"}],"predecessor-version":[{"id":3236,"href":"https:\/\/ergunlerprefabrik.com.tr\/en\/wp-json\/wp\/v2\/pages\/21\/revisions\/3236"}],"wp:attachment":[{"href":"https:\/\/ergunlerprefabrik.com.tr\/en\/wp-json\/wp\/v2\/media?parent=21"}],"wp:term":[{"taxonomy":"category","embeddable":true,"href":"https:\/\/ergunlerprefabrik.com.tr\/en\/wp-json\/wp\/v2\/categories?post=21"},{"taxonomy":"post_tag","embeddable":true,"href":"https:\/\/ergunlerprefabrik.com.tr\/en\/wp-json\/wp\/v2\/tags?post=21"}],"curies":[{"name":"wp","href":"https:\/\/api.w.org\/{rel}","templated":true}]}}