{"id":22,"date":"2020-12-08T03:53:35","date_gmt":"2020-12-08T00:53:35","guid":{"rendered":"https:\/\/gaviaspreview.com\/wp\/funden\/?page_id=22"},"modified":"2026-01-16T09:59:22","modified_gmt":"2026-01-16T06:59:22","slug":"iletisim-bilgileri","status":"publish","type":"page","link":"https:\/\/ergunlerprefabrik.com.tr\/en\/iletisim-bilgileri\/","title":{"rendered":"\u0130leti\u015fim"},"content":{"rendered":"<div data-elementor-type=\"wp-page\" data-elementor-id=\"22\" class=\"elementor elementor-22\">\n\t\t\t\t\t\t<section class=\"elementor-section elementor-top-section elementor-element elementor-element-11bb604 elementor-section-boxed elementor-section-height-default elementor-section-height-default\" data-id=\"11bb604\" data-element_type=\"section\" data-settings=\"{&quot;background_background&quot;:&quot;slideshow&quot;,&quot;background_slideshow_gallery&quot;:[{&quot;id&quot;:1923,&quot;url&quot;:&quot;https:\\\/\\\/ergunlerprefabrik.com.tr\\\/wp-content\\\/uploads\\\/2023\\\/09\\\/mega-menu-service-011.jpg&quot;},{&quot;id&quot;:1922,&quot;url&quot;:&quot;https:\\\/\\\/ergunlerprefabrik.com.tr\\\/wp-content\\\/uploads\\\/2023\\\/09\\\/mega-menu-service-021.jpg&quot;}],&quot;background_slideshow_ken_burns&quot;:&quot;yes&quot;,&quot;background_slideshow_loop&quot;:&quot;yes&quot;,&quot;background_slideshow_slide_duration&quot;:5000,&quot;background_slideshow_slide_transition&quot;:&quot;fade&quot;,&quot;background_slideshow_transition_duration&quot;:500,&quot;background_slideshow_ken_burns_zoom_direction&quot;:&quot;in&quot;}\">\n\t\t\t\t\t\t\t<div class=\"elementor-background-overlay\"><\/div>\n\t\t\t\t\t\t\t<div class=\"elementor-container elementor-column-gap-default\">\n\t\t\t\t\t<div class=\"elementor-column elementor-col-100 elementor-top-column elementor-element elementor-element-e373443\" data-id=\"e373443\" data-element_type=\"column\">\n\t\t\t<div class=\"elementor-widget-wrap elementor-element-populated\">\n\t\t\t\t\t\t<div class=\"elementor-element elementor-element-bb1df69 elementor-widget elementor-widget-gva-heading-block\" data-id=\"bb1df69\" data-element_type=\"widget\" data-widget_type=\"gva-heading-block.default\">\n\t\t\t\t<div class=\"elementor-widget-container\">\n\t\t\t\t\t<div class=\"gva-element-gva-heading-block gva-element\">   <div class=\"align-center style-1 widget gsc-heading box-align-left auto-responsive\">\r\n      <div class=\"content-inner\">\r\n         \r\n         \r\n           \r\n         \r\n                     <h2 class=\"title\">\r\n               <span>Contact Information<\/span>\r\n            <\/h2>\r\n                              <div class=\"title-desc\">Contact Us<\/div>\r\n         \r\n         \r\n      <\/div>\r\n   <\/div>\r\n<\/div>\t\t\t\t<\/div>\n\t\t\t\t<\/div>\n\t\t\t\t\t<\/div>\n\t\t<\/div>\n\t\t\t\t\t<\/div>\n\t\t<\/section>\n\t\t\t\t<section class=\"elementor-section elementor-top-section elementor-element elementor-element-77291ca elementor-section-boxed elementor-section-height-default elementor-section-height-default\" data-id=\"77291ca\" data-element_type=\"section\">\n\t\t\t\t\t\t<div class=\"elementor-container elementor-column-gap-default\">\n\t\t\t\t\t<div class=\"elementor-column elementor-col-50 elementor-top-column elementor-element elementor-element-74c812c\" data-id=\"74c812c\" data-element_type=\"column\">\n\t\t\t<div class=\"elementor-widget-wrap elementor-element-populated\">\n\t\t\t\t\t\t<div class=\"elementor-element elementor-element-46b97dd elementor-widget elementor-widget-gva-icon-box-styles\" data-id=\"46b97dd\" data-element_type=\"widget\" data-widget_type=\"gva-icon-box-styles.default\">\n\t\t\t\t<div class=\"elementor-widget-container\">\n\t\t\t\t\t<div class=\"gva-element-gva-icon-box-styles gva-element\">\r\n         <div class=\"widget gsc-icon-box-styles style-1\">\r\n         <div class=\"icon-box-content\">\r\n                                 <div class=\"icon-inner\">\r\n                     <span class=\"box-icon\">\r\n                        <i aria-hidden=\"true\" class=\"flaticon-pin-2\"><\/i>                     <\/span>\r\n                  <\/div>\r\n                           <div class=\"box-content\">\r\n                                 <h3 class=\"title\">\r\n                     Address                  <\/h3>\r\n                                                <div class=\"desc\">Konak Mah. Merkez 120 Sok. Nil\u00fcfer Park Evleri Sitesi G Blok<br>Nil\u00fcfer Bursa T\u00fcrkiye\n<br>Fabrika: So\u011fuksu Mah. Cad No:42 Kestel Bursa<\/div>\r\n                           <\/div>\r\n         <\/div> \r\n               <\/div>   \r\n   <\/div>\t\t\t\t<\/div>\n\t\t\t\t<\/div>\n\t\t\t\t<div class=\"elementor-element elementor-element-aa17f18 elementor-widget elementor-widget-gva-icon-box-styles\" data-id=\"aa17f18\" data-element_type=\"widget\" data-widget_type=\"gva-icon-box-styles.default\">\n\t\t\t\t<div class=\"elementor-widget-container\">\n\t\t\t\t\t<div class=\"gva-element-gva-icon-box-styles gva-element\">\r\n         <div class=\"widget gsc-icon-box-styles style-1\">\r\n         <div class=\"icon-box-content\">\r\n                                 <div class=\"icon-inner\">\r\n                     <span class=\"box-icon\">\r\n                        <i aria-hidden=\"true\" class=\"las la-phone-alt\"><\/i>                     <\/span>\r\n                  <\/div>\r\n                           <div class=\"box-content\">\r\n                                 <h3 class=\"title\">\r\n                     Telephone                  <\/h3>\r\n                                                <div class=\"desc\">+90 224 441 50 34\nFax: +90 224 441 50 94<\/div>\r\n                           <\/div>\r\n         <\/div> \r\n               <\/div>   \r\n   <\/div>\t\t\t\t<\/div>\n\t\t\t\t<\/div>\n\t\t\t\t\t<\/div>\n\t\t<\/div>\n\t\t\t\t<div class=\"elementor-column elementor-col-50 elementor-top-column elementor-element elementor-element-f877605\" data-id=\"f877605\" data-element_type=\"column\">\n\t\t\t<div class=\"elementor-widget-wrap elementor-element-populated\">\n\t\t\t\t\t\t<div class=\"elementor-element elementor-element-959b7d4 elementor-widget elementor-widget-gva-icon-box-styles\" data-id=\"959b7d4\" data-element_type=\"widget\" data-widget_type=\"gva-icon-box-styles.default\">\n\t\t\t\t<div class=\"elementor-widget-container\">\n\t\t\t\t\t<div class=\"gva-element-gva-icon-box-styles gva-element\">\r\n         <div class=\"widget gsc-icon-box-styles style-1\">\r\n         <div class=\"icon-box-content\">\r\n                                 <div class=\"icon-inner\">\r\n                     <span class=\"box-icon\">\r\n                        <i aria-hidden=\"true\" class=\"flaticon-email-2\"><\/i>                     <\/span>\r\n                  <\/div>\r\n                           <div class=\"box-content\">\r\n                                 <h3 class=\"title\">\r\n                     Email Address                  <\/h3>\r\n                                                <div class=\"desc\">info@ergunlerprefabrik.com.tr<\/div>\r\n                           <\/div>\r\n         <\/div> \r\n               <\/div>   \r\n   <\/div>\t\t\t\t<\/div>\n\t\t\t\t<\/div>\n\t\t\t\t<div class=\"elementor-element elementor-element-ca12e53 elementor-widget elementor-widget-gva-icon-box-styles\" data-id=\"ca12e53\" data-element_type=\"widget\" data-widget_type=\"gva-icon-box-styles.default\">\n\t\t\t\t<div class=\"elementor-widget-container\">\n\t\t\t\t\t<div class=\"gva-element-gva-icon-box-styles gva-element\">\r\n         <div class=\"widget gsc-icon-box-styles style-1\">\r\n         <div class=\"icon-box-content\">\r\n                                 <div class=\"icon-inner\">\r\n                     <span class=\"box-icon\">\r\n                        <i aria-hidden=\"true\" class=\"fab fa-instagram\"><\/i>                     <\/span>\r\n                  <\/div>\r\n                           <div class=\"box-content\">\r\n                                 <h3 class=\"title\">\r\n                     Social Media                  <\/h3>\r\n                                                <div class=\"desc\">Click to Follow<\/div>\r\n                           <\/div>\r\n         <\/div> \r\n         \t\t  <a href=\"https:\/\/www.instagram.com\/ergunlerprefabrik\" class=\"link-overlay\">\r\n\t\t\t \t\t  <\/a>\r\n\t\t        <\/div>   \r\n   <\/div>\t\t\t\t<\/div>\n\t\t\t\t<\/div>\n\t\t\t\t\t<\/div>\n\t\t<\/div>\n\t\t\t\t\t<\/div>\n\t\t<\/section>\n\t\t\t\t<section class=\"elementor-section elementor-top-section elementor-element elementor-element-0988c42 elementor-section-boxed elementor-section-height-default elementor-section-height-default\" data-id=\"0988c42\" data-element_type=\"section\">\n\t\t\t\t\t\t<div class=\"elementor-container elementor-column-gap-default\">\n\t\t\t\t\t<div class=\"elementor-column elementor-col-100 elementor-top-column elementor-element elementor-element-1b19546\" data-id=\"1b19546\" data-element_type=\"column\">\n\t\t\t<div class=\"elementor-widget-wrap elementor-element-populated\">\n\t\t\t\t\t\t<div class=\"elementor-element elementor-element-facdc73 elementor-widget elementor-widget-heading\" data-id=\"facdc73\" data-element_type=\"widget\" data-widget_type=\"heading.default\">\n\t\t\t\t<div class=\"elementor-widget-container\">\n\t\t\t\t\t<h2 class=\"elementor-heading-title elementor-size-default\">Contact Form<\/h2>\t\t\t\t<\/div>\n\t\t\t\t<\/div>\n\t\t\t\t<div class=\"elementor-element elementor-element-a29c0b3 elementor-widget__width-initial elementor-widget elementor-widget-shortcode\" data-id=\"a29c0b3\" data-element_type=\"widget\" data-widget_type=\"shortcode.default\">\n\t\t\t\t<div class=\"elementor-widget-container\">\n\t\t\t\t\t\t\t<div class=\"elementor-shortcode\"><div class=\"caldera-grid\" id=\"caldera_form_1\" data-cf-ver=\"1.9.7\" data-cf-form-id=\"CF603e95cf2bf7a\"><div id=\"caldera_notices_1\" data-spinner=\"https:\/\/ergunlerprefabrik.com.tr\/wp-admin\/images\/spinner.gif\"><\/div><form data-instance=\"1\" class=\"CF603e95cf2bf7a caldera_forms_form cfajax-trigger\" method=\"POST\" enctype=\"multipart\/form-data\" id=\"CF603e95cf2bf7a_1\" data-form-id=\"CF603e95cf2bf7a\" aria-label=\"Contact Form\" data-target=\"#caldera_notices_1\" data-template=\"#cfajax_CF603e95cf2bf7a-tmpl\" data-cfajax=\"CF603e95cf2bf7a\" data-load-element=\"_parent\" data-load-class=\"cf_processing\" data-post-disable=\"0\" data-action=\"cf_process_ajax_submit\" data-request=\"https:\/\/ergunlerprefabrik.com.tr\/en\/cf-api\/CF603e95cf2bf7a\" data-hiderows=\"true\" action=\"\">\r\n<input type=\"hidden\" id=\"_cf_verify_CF603e95cf2bf7a\" name=\"_cf_verify\" value=\"323e51d5cc\"  data-nonce-time=\"1777034480\" \/><input type=\"hidden\" name=\"_wp_http_referer\" value=\"\/en\/wp-json\/wp\/v2\/pages\/22\" \/><div id=\"cf2-CF603e95cf2bf7a_1\"><\/div><input type=\"hidden\" name=\"_cf_frm_id\" value=\"CF603e95cf2bf7a\">\r\n<input type=\"hidden\" name=\"_cf_frm_ct\" value=\"1\">\r\n<input type=\"hidden\" name=\"cfajax\" value=\"CF603e95cf2bf7a\">\r\n<input type=\"hidden\" name=\"_cf_cr_pst\" value=\"22\">\r\n<div class=\"hide\" style=\"display:none; overflow:hidden;height:0;width:0;\">\r\n<label>Name<\/label><input type=\"text\" name=\"name\" value=\"\" autocomplete=\"off\">\r\n<\/div><div id=\"CF603e95cf2bf7a_1-row-1\"  class=\"row  first_row\"><div  class=\"col-sm-6  first_col\"><div data-field-wrapper=\"fld_3247347\" class=\"form-group\" id=\"fld_3247347_1-wrap\">\r\n\t<label id=\"fld_3247347Label\" for=\"fld_3247347_1\" class=\"control-label\">Name Surname <span aria-hidden=\"true\" role=\"presentation\" class=\"field_required\" style=\"color:#ee0000;\">*<\/span><\/label>\r\n\t<div class=\"\">\r\n\t\t<input   required type=\"text\" data-field=\"fld_3247347\" class=\"form-control\" id=\"fld_3247347_1\" name=\"fld_3247347\" value=\"\" data-type=\"text\" aria-required=\"true\"   aria-labelledby=\"fld_3247347Label\" >\t\t\t<\/div>\r\n<\/div>\r\n<div data-field-wrapper=\"fld_5829708\" class=\"form-group\" id=\"fld_5829708_1-wrap\">\r\n\t<label id=\"fld_5829708Label\" for=\"fld_5829708_1\" class=\"control-label\">Email Address <span aria-hidden=\"true\" role=\"presentation\" class=\"field_required\" style=\"color:#ee0000;\">*<\/span><\/label>\r\n\t<div class=\"\">\r\n\t\t<input   required type=\"text\" data-field=\"fld_5829708\" class=\"form-control\" id=\"fld_5829708_1\" name=\"fld_5829708\" value=\"\" data-type=\"text\" aria-required=\"true\"   aria-labelledby=\"fld_5829708Label\" >\t\t\t<\/div>\r\n<\/div>\r\n<\/div><div  class=\"col-sm-6  last_col\"><div data-field-wrapper=\"fld_3364115\" class=\"form-group\" id=\"fld_3364115_1-wrap\">\r\n\t<label id=\"fld_3364115Label\" for=\"fld_3364115_1\" class=\"control-label\">Contact Phone<\/label>\r\n\t<div class=\"\">\r\n\t\t<input    type=\"text\" data-field=\"fld_3364115\" class=\"form-control\" id=\"fld_3364115_1\" name=\"fld_3364115\" value=\"\" data-type=\"text\"   aria-labelledby=\"fld_3364115Label\" >\t\t\t<\/div>\r\n<\/div>\r\n<div data-field-wrapper=\"fld_4037908\" class=\"form-group\" id=\"fld_4037908_1-wrap\">\r\n\t<label id=\"fld_4037908Label\" for=\"fld_4037908_1\" class=\"control-label\">Reason for Contact<\/label>\r\n\t<div class=\"\">\r\n\t\t<input    type=\"text\" data-field=\"fld_4037908\" class=\"form-control\" id=\"fld_4037908_1\" name=\"fld_4037908\" value=\"\" data-type=\"text\"   aria-labelledby=\"fld_4037908Label\" >\t\t\t<\/div>\r\n<\/div>\r\n<\/div><\/div><div id=\"CF603e95cf2bf7a_1-row-2\"  class=\"row  last_row\"><div  class=\"col-sm-12  single\"><div data-field-wrapper=\"fld_4431642\" class=\"form-group\" id=\"fld_4431642_1-wrap\">\r\n\t<label id=\"fld_4431642Label\" for=\"fld_4431642_1\" class=\"control-label\">Your message <span aria-hidden=\"true\" role=\"presentation\" class=\"field_required\" style=\"color:#ee0000;\">*<\/span><\/label>\r\n\t<div class=\"\">\r\n\t\t<textarea name=\"fld_4431642\" value=\"\" data-field=\"fld_4431642\" class=\"form-control\" id=\"fld_4431642_1\" rows=\"2\"  required=\"required\"  aria-labelledby=\"fld_4431642Label\" ><\/textarea>\n\t\t\t<\/div>\r\n<\/div>\r\n<div data-field-wrapper=\"fld_7908577\" class=\"form-group\" id=\"fld_7908577_1-wrap\">\r\n<div class=\"\">\r\n\t<input  class=\"btn btn-default btn-block\" type=\"submit\" name=\"fld_7908577\" id=\"fld_7908577_1\" value=\"Submit Form\" data-field=\"fld_7908577\"  >\n<\/div>\r\n<\/div>\r\n\t<input class=\"button_trigger_1\" type=\"hidden\" name=\"fld_7908577\" id=\"fld_7908577_1_btn\" value=\"\" data-field=\"fld_7908577\"  \/>\n<\/div><\/div><input type=\"hidden\" name=\"trp-form-language\" value=\"en\"\/><\/form>\r\n<\/div>\r\n<\/div>\n\t\t\t\t\t\t<\/div>\n\t\t\t\t<\/div>\n\t\t\t\t\t<\/div>\n\t\t<\/div>\n\t\t\t\t\t<\/div>\n\t\t<\/section>\n\t\t\t\t<section class=\"elementor-section elementor-top-section elementor-element elementor-element-c2620e7 elementor-section-boxed elementor-section-height-default elementor-section-height-default\" data-id=\"c2620e7\" data-element_type=\"section\" id=\"row-contact\">\n\t\t\t\t\t\t<div class=\"elementor-container elementor-column-gap-default\">\n\t\t\t\t\t<div class=\"elementor-column elementor-col-100 elementor-top-column elementor-element elementor-element-a2238eb\" data-id=\"a2238eb\" data-element_type=\"column\">\n\t\t\t<div class=\"elementor-widget-wrap elementor-element-populated\">\n\t\t\t\t\t\t<div class=\"elementor-element elementor-element-8adef5e elementor-widget elementor-widget-html\" data-id=\"8adef5e\" data-element_type=\"widget\" data-widget_type=\"html.default\">\n\t\t\t\t<div class=\"elementor-widget-container\">\n\t\t\t\t\t<iframe src=\"https:\/\/www.google.com\/maps\/embed?pb=!1m18!1m12!1m3!1d2418.3443597077544!2d28.98840827805729!3d40.21077745209922!2m3!1f0!2f0!3f0!3m2!1i1024!2i768!4f13.1!3m3!1m2!1s0x14ca150020af75a9%3A0x81d7b523de1cd593!2zRXJnw7xubGVyIHlvbCB5YXDEsQ!5e0!3m2!1str!2str!4v1718005024670!5m2!1str!2str\" width=\"600\" height=\"450\" style=\"border:0;\" allowfullscreen=\"\" loading=\"lazy\" referrerpolicy=\"no-referrer-when-downgrade\"><\/iframe>\t\t\t\t<\/div>\n\t\t\t\t<\/div>\n\t\t\t\t\t<\/div>\n\t\t<\/div>\n\t\t\t\t\t<\/div>\n\t\t<\/section>\n\t\t\t\t<\/div>","protected":false},"excerpt":{"rendered":"<p>\u0130leti\u015fim Bilgileri Bize Ula\u015f\u0131n Adres Konak Mah. Merkez 120 Sok. Nil\u00fcfer Park Evleri Sitesi G BlokNil\u00fcfer Bursa T\u00fcrkiye Fabrika: So\u011fuksu Mah. Cad No:42 Kestel Bursa Telefon +90 224 441 50 34 Fax: +90 224 441 50 94 Email Adresi info@ergunlerprefabrik.com.tr Sosyal Medya Takip Etmek \u0130\u00e7in T\u0131klay\u0131n \u0130leti\u015fim Formu<\/p>","protected":false},"author":1,"featured_media":0,"parent":0,"menu_order":0,"comment_status":"closed","ping_status":"closed","template":"","meta":{"footnotes":""},"categories":[],"tags":[],"class_list":["post-22","page","type-page","status-publish","hentry"],"_links":{"self":[{"href":"https:\/\/ergunlerprefabrik.com.tr\/en\/wp-json\/wp\/v2\/pages\/22","targetHints":{"allow":["GET"]}}],"collection":[{"href":"https:\/\/ergunlerprefabrik.com.tr\/en\/wp-json\/wp\/v2\/pages"}],"about":[{"href":"https:\/\/ergunlerprefabrik.com.tr\/en\/wp-json\/wp\/v2\/types\/page"}],"author":[{"embeddable":true,"href":"https:\/\/ergunlerprefabrik.com.tr\/en\/wp-json\/wp\/v2\/users\/1"}],"replies":[{"embeddable":true,"href":"https:\/\/ergunlerprefabrik.com.tr\/en\/wp-json\/wp\/v2\/comments?post=22"}],"version-history":[{"count":83,"href":"https:\/\/ergunlerprefabrik.com.tr\/en\/wp-json\/wp\/v2\/pages\/22\/revisions"}],"predecessor-version":[{"id":3373,"href":"https:\/\/ergunlerprefabrik.com.tr\/en\/wp-json\/wp\/v2\/pages\/22\/revisions\/3373"}],"wp:attachment":[{"href":"https:\/\/ergunlerprefabrik.com.tr\/en\/wp-json\/wp\/v2\/media?parent=22"}],"wp:term":[{"taxonomy":"category","embeddable":true,"href":"https:\/\/ergunlerprefabrik.com.tr\/en\/wp-json\/wp\/v2\/categories?post=22"},{"taxonomy":"post_tag","embeddable":true,"href":"https:\/\/ergunlerprefabrik.com.tr\/en\/wp-json\/wp\/v2\/tags?post=22"}],"curies":[{"name":"wp","href":"https:\/\/api.w.org\/{rel}","templated":true}]}}