{"id":2922,"date":"2020-12-08T03:53:12","date_gmt":"2020-12-08T00:53:12","guid":{"rendered":"https:\/\/ergunlerprefabrik.com.tr\/?page_id=2922"},"modified":"2024-08-05T12:02:50","modified_gmt":"2024-08-05T09:02:50","slug":"sistemler","status":"publish","type":"page","link":"https:\/\/ergunlerprefabrik.com.tr\/en\/sistemler\/","title":{"rendered":"Systems"},"content":{"rendered":"<div data-elementor-type=\"wp-page\" data-elementor-id=\"2922\" class=\"elementor elementor-2922\">\n\t\t\t\t\t\t<section class=\"elementor-section elementor-top-section elementor-element elementor-element-cc83c20 elementor-section-boxed elementor-section-height-default elementor-section-height-default\" data-id=\"cc83c20\" data-element_type=\"section\" data-settings=\"{&quot;background_background&quot;:&quot;slideshow&quot;,&quot;background_slideshow_gallery&quot;:[{&quot;id&quot;:2050,&quot;url&quot;:&quot;https:\\\/\\\/ergunlerprefabrik.com.tr\\\/wp-content\\\/uploads\\\/2023\\\/09\\\/about-us-banner.jpg&quot;},{&quot;id&quot;:2072,&quot;url&quot;:&quot;https:\\\/\\\/ergunlerprefabrik.com.tr\\\/wp-content\\\/uploads\\\/2023\\\/09\\\/campaign-creators-gMsnXqILjp4-unsplash-scaled.jpg&quot;},{&quot;id&quot;:2052,&quot;url&quot;:&quot;https:\\\/\\\/ergunlerprefabrik.com.tr\\\/wp-content\\\/uploads\\\/2023\\\/09\\\/welcome-to-our-business-accounting-services-web-header.jpg-nggid044143-ngg0dyn-1280x720x100-00f0w010c010r110f110r010t010.jpg&quot;}],&quot;background_slideshow_ken_burns&quot;:&quot;yes&quot;,&quot;background_slideshow_slide_duration&quot;:10000,&quot;background_slideshow_transition_duration&quot;:1000,&quot;background_slideshow_loop&quot;:&quot;yes&quot;,&quot;background_slideshow_slide_transition&quot;:&quot;fade&quot;,&quot;background_slideshow_ken_burns_zoom_direction&quot;:&quot;in&quot;}\">\n\t\t\t\t\t\t\t<div class=\"elementor-background-overlay\"><\/div>\n\t\t\t\t\t\t\t<div class=\"elementor-container elementor-column-gap-default\">\n\t\t\t\t\t<div class=\"elementor-column elementor-col-100 elementor-top-column elementor-element elementor-element-d6d0623\" data-id=\"d6d0623\" data-element_type=\"column\">\n\t\t\t<div class=\"elementor-widget-wrap elementor-element-populated\">\n\t\t\t\t\t\t<div class=\"elementor-element elementor-element-af9ebd6 elementor-widget elementor-widget-gva-heading-block\" data-id=\"af9ebd6\" data-element_type=\"widget\" data-widget_type=\"gva-heading-block.default\">\n\t\t\t\t<div class=\"elementor-widget-container\">\n\t\t\t\t\t<div class=\"gva-element-gva-heading-block gva-element\">   <div class=\"align-center style-1 widget gsc-heading box-align-left auto-responsive\">\r\n      <div class=\"content-inner\">\r\n         \r\n         \r\n           \r\n         \r\n                     <h2 class=\"title\">\r\n               <span>Systems<\/span>\r\n            <\/h2>\r\n                  \r\n         \r\n      <\/div>\r\n   <\/div>\r\n<\/div>\t\t\t\t<\/div>\n\t\t\t\t<\/div>\n\t\t\t\t\t<\/div>\n\t\t<\/div>\n\t\t\t\t\t<\/div>\n\t\t<\/section>\n\t\t\t\t<section class=\"elementor-section elementor-top-section elementor-element elementor-element-cfe9709 elementor-section-boxed elementor-section-height-default elementor-section-height-default\" data-id=\"cfe9709\" data-element_type=\"section\">\n\t\t\t\t\t\t<div class=\"elementor-container elementor-column-gap-default\">\n\t\t\t\t\t<div class=\"elementor-column elementor-col-100 elementor-top-column elementor-element elementor-element-b600727\" data-id=\"b600727\" data-element_type=\"column\">\n\t\t\t<div class=\"elementor-widget-wrap elementor-element-populated\">\n\t\t\t\t\t\t<div class=\"elementor-element elementor-element-c1859ec elementor-position-inline-start icon-box-left elementor-view-default elementor-mobile-position-block-start elementor-widget elementor-widget-icon-box\" data-id=\"c1859ec\" data-element_type=\"widget\" data-widget_type=\"icon-box.default\">\n\t\t\t\t<div class=\"elementor-widget-container\">\n\t\t\t\t\t\t\t<div class=\"elementor-icon-box-wrapper\">\n\n\t\t\t\t\t\t<div class=\"elementor-icon-box-icon\">\n\t\t\t\t<span  class=\"elementor-icon\">\n\t\t\t\t<i aria-hidden=\"true\" class=\"fas fa-check-double\"><\/i>\t\t\t\t<\/span>\n\t\t\t<\/div>\n\t\t\t\n\t\t\t\t\t\t<div class=\"elementor-icon-box-content\">\n\n\t\t\t\t\t\t\t\t\t<h3 class=\"elementor-icon-box-title\">\n\t\t\t\t\t\t<span  >\n\t\t\t\t\t\t\tColumn-Beam System\t\t\t\t\t\t<\/span>\n\t\t\t\t\t<\/h3>\n\t\t\t\t\n\t\t\t\t\n\t\t\t<\/div>\n\t\t\t\n\t\t<\/div>\n\t\t\t\t\t\t<\/div>\n\t\t\t\t<\/div>\n\t\t\t\t\t<\/div>\n\t\t<\/div>\n\t\t\t\t\t<\/div>\n\t\t<\/section>\n\t\t\t\t<section class=\"elementor-section elementor-top-section elementor-element elementor-element-2d7c950 elementor-section-boxed elementor-section-height-default elementor-section-height-default\" data-id=\"2d7c950\" data-element_type=\"section\">\n\t\t\t\t\t\t<div class=\"elementor-container elementor-column-gap-default\">\n\t\t\t\t\t<div class=\"elementor-column elementor-col-100 elementor-top-column elementor-element elementor-element-dff4c95\" data-id=\"dff4c95\" data-element_type=\"column\">\n\t\t\t<div class=\"elementor-widget-wrap elementor-element-populated\">\n\t\t\t\t\t\t<div class=\"elementor-element elementor-element-6823b18 elementor-icon-list--layout-traditional elementor-list-item-link-full_width elementor-widget elementor-widget-icon-list\" data-id=\"6823b18\" data-element_type=\"widget\" data-widget_type=\"icon-list.default\">\n\t\t\t\t<div class=\"elementor-widget-container\">\n\t\t\t\t\t\t\t<ul class=\"elementor-icon-list-items\">\n\t\t\t\t\t\t\t<li class=\"elementor-icon-list-item\">\n\t\t\t\t\t\t\t\t\t\t\t<span class=\"elementor-icon-list-icon\">\n\t\t\t\t\t\t\t<i aria-hidden=\"true\" class=\"fas fa-check\"><\/i>\t\t\t\t\t\t<\/span>\n\t\t\t\t\t\t\t\t\t\t<span class=\"elementor-icon-list-text\">With this construction system, using column and trapezoidal-sectioned truss beam elements, reinforced concrete load-bearing frameworks of structures are formed.<\/span>\n\t\t\t\t\t\t\t\t\t<\/li>\n\t\t\t\t\t\t\t\t<li class=\"elementor-icon-list-item\">\n\t\t\t\t\t\t\t\t\t\t\t<span class=\"elementor-icon-list-icon\">\n\t\t\t\t\t\t\t<i aria-hidden=\"true\" class=\"fas fa-check\"><\/i>\t\t\t\t\t\t<\/span>\n\t\t\t\t\t\t\t\t\t\t<span class=\"elementor-icon-list-text\">With this system, multi-story buildings, crane-equipped buildings, and exterior facade applications can be constructed.<\/span>\n\t\t\t\t\t\t\t\t\t<\/li>\n\t\t\t\t\t\t\t\t<li class=\"elementor-icon-list-item\">\n\t\t\t\t\t\t\t\t\t\t\t<span class=\"elementor-icon-list-icon\">\n\t\t\t\t\t\t\t<i aria-hidden=\"true\" class=\"fas fa-check\"><\/i>\t\t\t\t\t\t<\/span>\n\t\t\t\t\t\t\t\t\t\t<span class=\"elementor-icon-list-text\">This system, which also benefits from post-tensioned element production technology, allows the construction of structures with a span of 30m and a spacing of 10m between axes.<\/span>\n\t\t\t\t\t\t\t\t\t<\/li>\n\t\t\t\t\t\t<\/ul>\n\t\t\t\t\t\t<\/div>\n\t\t\t\t<\/div>\n\t\t\t\t<div class=\"elementor-element elementor-element-39679d5 gallery-spacing-custom elementor-widget elementor-widget-image-gallery\" data-id=\"39679d5\" data-element_type=\"widget\" data-widget_type=\"image-gallery.default\">\n\t\t\t\t<div class=\"elementor-widget-container\">\n\t\t\t\t\t\t\t<div class=\"elementor-image-gallery\">\n\t\t\t\n\t\t<style type=\"text\/css\">\n\t\t\t#gallery-1 {\n\t\t\t\tmargin: auto;\n\t\t\t}\n\t\t\t#gallery-1 .gallery-item {\n\t\t\t\tfloat: left;\n\t\t\t\tmargin-top: 10px;\n\t\t\t\ttext-align: center;\n\t\t\t\twidth: 33%;\n\t\t\t}\n\t\t\t#gallery-1 img {\n\t\t\t\tborder: 2px solid #cfcfcf;\n\t\t\t}\n\t\t\t#gallery-1 .gallery-caption {\n\t\t\t\tmargin-left: 0;\n\t\t\t}\n\t\t\t\/* see gallery_shortcode() in wp-includes\/media.php *\/\n\t\t<\/style>\n\t\t<div id='gallery-1' class='gallery galleryid-2922 gallery-columns-3 gallery-size-medium'><dl class='gallery-item'>\n\t\t\t<dt class='gallery-icon landscape'>\n\t\t\t\t<a data-elementor-open-lightbox=\"yes\" data-elementor-lightbox-slideshow=\"39679d5\" data-elementor-lightbox-title=\"Kolon Kiri\u015f Sistemi (3)\" data-e-action-hash=\"#elementor-action%3Aaction%3Dlightbox%26settings%3DeyJpZCI6MzEyMSwidXJsIjoiaHR0cHM6XC9cL2VyZ3VubGVycHJlZmFicmlrLmNvbS50clwvd3AtY29udGVudFwvdXBsb2Fkc1wvMjAyNFwvMDdcL0tvbG9uLUtpcmlzLVNpc3RlbWktMy5qcGciLCJzbGlkZXNob3ciOiIzOTY3OWQ1In0%3D\" href='https:\/\/ergunlerprefabrik.com.tr\/wp-content\/uploads\/2024\/07\/Kolon-Kiris-Sistemi-3.jpg'><img fetchpriority=\"high\" decoding=\"async\" width=\"600\" height=\"540\" src=\"https:\/\/ergunlerprefabrik.com.tr\/wp-content\/uploads\/2024\/07\/Kolon-Kiris-Sistemi-3-600x540.jpg\" class=\"attachment-medium size-medium\" alt=\"\" \/><\/a>\n\t\t\t<\/dt><\/dl><dl class='gallery-item'>\n\t\t\t<dt class='gallery-icon landscape'>\n\t\t\t\t<a data-elementor-open-lightbox=\"yes\" data-elementor-lightbox-slideshow=\"39679d5\" data-elementor-lightbox-title=\"Kolon Kiri\u015f Sistemi (1)\" data-e-action-hash=\"#elementor-action%3Aaction%3Dlightbox%26settings%3DeyJpZCI6MzEyMiwidXJsIjoiaHR0cHM6XC9cL2VyZ3VubGVycHJlZmFicmlrLmNvbS50clwvd3AtY29udGVudFwvdXBsb2Fkc1wvMjAyNFwvMDdcL0tvbG9uLUtpcmlzLVNpc3RlbWktMS5qcGciLCJzbGlkZXNob3ciOiIzOTY3OWQ1In0%3D\" href='https:\/\/ergunlerprefabrik.com.tr\/wp-content\/uploads\/2024\/07\/Kolon-Kiris-Sistemi-1.jpg'><img decoding=\"async\" width=\"600\" height=\"540\" src=\"https:\/\/ergunlerprefabrik.com.tr\/wp-content\/uploads\/2024\/07\/Kolon-Kiris-Sistemi-1-600x540.jpg\" class=\"attachment-medium size-medium\" alt=\"\" \/><\/a>\n\t\t\t<\/dt><\/dl><dl class='gallery-item'>\n\t\t\t<dt class='gallery-icon landscape'>\n\t\t\t\t<a data-elementor-open-lightbox=\"yes\" data-elementor-lightbox-slideshow=\"39679d5\" data-elementor-lightbox-title=\"Kolon Kiri\u015f Sistemi (2)\" data-e-action-hash=\"#elementor-action%3Aaction%3Dlightbox%26settings%3DeyJpZCI6MzEyMywidXJsIjoiaHR0cHM6XC9cL2VyZ3VubGVycHJlZmFicmlrLmNvbS50clwvd3AtY29udGVudFwvdXBsb2Fkc1wvMjAyNFwvMDdcL0tvbG9uLUtpcmlzLVNpc3RlbWktMi5qcGciLCJzbGlkZXNob3ciOiIzOTY3OWQ1In0%3D\" href='https:\/\/ergunlerprefabrik.com.tr\/wp-content\/uploads\/2024\/07\/Kolon-Kiris-Sistemi-2.jpg'><img decoding=\"async\" width=\"600\" height=\"540\" src=\"https:\/\/ergunlerprefabrik.com.tr\/wp-content\/uploads\/2024\/07\/Kolon-Kiris-Sistemi-2-600x540.jpg\" class=\"attachment-medium size-medium\" alt=\"\" \/><\/a>\n\t\t\t<\/dt><\/dl><br style=\"clear: both\" \/>\n\t\t<\/div>\n\t\t<\/div>\n\t\t\t\t\t\t<\/div>\n\t\t\t\t<\/div>\n\t\t\t\t<div class=\"elementor-element elementor-element-f9bfab6 elementor-position-inline-start icon-box-left elementor-view-default elementor-mobile-position-block-start elementor-widget elementor-widget-icon-box\" data-id=\"f9bfab6\" data-element_type=\"widget\" data-widget_type=\"icon-box.default\">\n\t\t\t\t<div class=\"elementor-widget-container\">\n\t\t\t\t\t\t\t<div class=\"elementor-icon-box-wrapper\">\n\n\t\t\t\t\t\t<div class=\"elementor-icon-box-icon\">\n\t\t\t\t<span  class=\"elementor-icon\">\n\t\t\t\t<i aria-hidden=\"true\" class=\"fas fa-check-double\"><\/i>\t\t\t\t<\/span>\n\t\t\t<\/div>\n\t\t\t\n\t\t\t\t\t\t<div class=\"elementor-icon-box-content\">\n\n\t\t\t\t\t\t\t\t\t<h3 class=\"elementor-icon-box-title\">\n\t\t\t\t\t\t<span  >\n\t\t\t\t\t\t\tPost and Beam Construction System\t\t\t\t\t\t<\/span>\n\t\t\t\t\t<\/h3>\n\t\t\t\t\n\t\t\t\t\n\t\t\t<\/div>\n\t\t\t\n\t\t<\/div>\n\t\t\t\t\t\t<\/div>\n\t\t\t\t<\/div>\n\t\t\t\t<div class=\"elementor-element elementor-element-5ac2593 elementor-icon-list--layout-traditional elementor-list-item-link-full_width elementor-widget elementor-widget-icon-list\" data-id=\"5ac2593\" data-element_type=\"widget\" data-widget_type=\"icon-list.default\">\n\t\t\t\t<div class=\"elementor-widget-container\">\n\t\t\t\t\t\t\t<ul class=\"elementor-icon-list-items\">\n\t\t\t\t\t\t\t<li class=\"elementor-icon-list-item\">\n\t\t\t\t\t\t\t\t\t\t<span class=\"elementor-icon-list-text\">This construction system, mostly used in multi-story buildings,<\/span>\n\t\t\t\t\t\t\t\t\t<\/li>\n\t\t\t\t\t\t\t\t<li class=\"elementor-icon-list-item\">\n\t\t\t\t\t\t\t\t\t\t<span class=\"elementor-icon-list-text\">In this method, which can be described as the injection of high-strength concrete into the joint points after the assembly of prefabricated elements, using high-strength steel cables, the hinge joints in the structure are transformed into moment-resisting nodes. This process enhances the structure's resistance to horizontal forces such as earthquakes.<\/span>\n\t\t\t\t\t\t\t\t\t<\/li>\n\t\t\t\t\t\t<\/ul>\n\t\t\t\t\t\t<\/div>\n\t\t\t\t<\/div>\n\t\t\t\t<div class=\"elementor-element elementor-element-59f07e2 gallery-spacing-custom elementor-widget elementor-widget-image-gallery\" data-id=\"59f07e2\" data-element_type=\"widget\" data-widget_type=\"image-gallery.default\">\n\t\t\t\t<div class=\"elementor-widget-container\">\n\t\t\t\t\t\t\t<div class=\"elementor-image-gallery\">\n\t\t\t\n\t\t<style type=\"text\/css\">\n\t\t\t#gallery-2 {\n\t\t\t\tmargin: auto;\n\t\t\t}\n\t\t\t#gallery-2 .gallery-item {\n\t\t\t\tfloat: left;\n\t\t\t\tmargin-top: 10px;\n\t\t\t\ttext-align: center;\n\t\t\t\twidth: 33%;\n\t\t\t}\n\t\t\t#gallery-2 img {\n\t\t\t\tborder: 2px solid #cfcfcf;\n\t\t\t}\n\t\t\t#gallery-2 .gallery-caption {\n\t\t\t\tmargin-left: 0;\n\t\t\t}\n\t\t\t\/* see gallery_shortcode() in wp-includes\/media.php *\/\n\t\t<\/style>\n\t\t<div id='gallery-2' class='gallery galleryid-2922 gallery-columns-3 gallery-size-medium'><dl class='gallery-item'>\n\t\t\t<dt class='gallery-icon portrait'>\n\t\t\t\t<a data-elementor-open-lightbox=\"yes\" data-elementor-lightbox-slideshow=\"59f07e2\" data-elementor-lightbox-title=\"Ard Germeli Sistem (3)\" data-e-action-hash=\"#elementor-action%3Aaction%3Dlightbox%26settings%3DeyJpZCI6MzEzOSwidXJsIjoiaHR0cHM6XC9cL2VyZ3VubGVycHJlZmFicmlrLmNvbS50clwvd3AtY29udGVudFwvdXBsb2Fkc1wvMjAyNFwvMDdcL0FyZC1HZXJtZWxpLVNpc3RlbS0zLmpwZyIsInNsaWRlc2hvdyI6IjU5ZjA3ZTIifQ%3D%3D\" href='https:\/\/ergunlerprefabrik.com.tr\/wp-content\/uploads\/2024\/07\/Ard-Germeli-Sistem-3.jpg'><img loading=\"lazy\" decoding=\"async\" width=\"338\" height=\"540\" src=\"https:\/\/ergunlerprefabrik.com.tr\/wp-content\/uploads\/2024\/07\/Ard-Germeli-Sistem-3-338x540.jpg\" class=\"attachment-medium size-medium\" alt=\"\" \/><\/a>\n\t\t\t<\/dt><\/dl><dl class='gallery-item'>\n\t\t\t<dt class='gallery-icon portrait'>\n\t\t\t\t<a data-elementor-open-lightbox=\"yes\" data-elementor-lightbox-slideshow=\"59f07e2\" data-elementor-lightbox-title=\"Ard Germeli Sistem (1)\" data-e-action-hash=\"#elementor-action%3Aaction%3Dlightbox%26settings%3DeyJpZCI6MzE0MCwidXJsIjoiaHR0cHM6XC9cL2VyZ3VubGVycHJlZmFicmlrLmNvbS50clwvd3AtY29udGVudFwvdXBsb2Fkc1wvMjAyNFwvMDdcL0FyZC1HZXJtZWxpLVNpc3RlbS0xLmpwZyIsInNsaWRlc2hvdyI6IjU5ZjA3ZTIifQ%3D%3D\" href='https:\/\/ergunlerprefabrik.com.tr\/wp-content\/uploads\/2024\/07\/Ard-Germeli-Sistem-1.jpg'><img loading=\"lazy\" decoding=\"async\" width=\"338\" height=\"540\" src=\"https:\/\/ergunlerprefabrik.com.tr\/wp-content\/uploads\/2024\/07\/Ard-Germeli-Sistem-1-338x540.jpg\" class=\"attachment-medium size-medium\" alt=\"\" \/><\/a>\n\t\t\t<\/dt><\/dl><dl class='gallery-item'>\n\t\t\t<dt class='gallery-icon portrait'>\n\t\t\t\t<a data-elementor-open-lightbox=\"yes\" data-elementor-lightbox-slideshow=\"59f07e2\" data-elementor-lightbox-title=\"Ard Germeli Sistem (2)\" data-e-action-hash=\"#elementor-action%3Aaction%3Dlightbox%26settings%3DeyJpZCI6MzE0MSwidXJsIjoiaHR0cHM6XC9cL2VyZ3VubGVycHJlZmFicmlrLmNvbS50clwvd3AtY29udGVudFwvdXBsb2Fkc1wvMjAyNFwvMDdcL0FyZC1HZXJtZWxpLVNpc3RlbS0yLmpwZyIsInNsaWRlc2hvdyI6IjU5ZjA3ZTIifQ%3D%3D\" href='https:\/\/ergunlerprefabrik.com.tr\/wp-content\/uploads\/2024\/07\/Ard-Germeli-Sistem-2.jpg'><img loading=\"lazy\" decoding=\"async\" width=\"338\" height=\"540\" src=\"https:\/\/ergunlerprefabrik.com.tr\/wp-content\/uploads\/2024\/07\/Ard-Germeli-Sistem-2-338x540.jpg\" class=\"attachment-medium size-medium\" alt=\"\" \/><\/a>\n\t\t\t<\/dt><\/dl><br style=\"clear: both\" \/>\n\t\t<\/div>\n\t\t<\/div>\n\t\t\t\t\t\t<\/div>\n\t\t\t\t<\/div>\n\t\t\t\t\t<\/div>\n\t\t<\/div>\n\t\t\t\t\t<\/div>\n\t\t<\/section>\n\t\t\t\t<\/div>","protected":false},"excerpt":{"rendered":"<p>Sistemler Kolon Kiri\u015f Sistemi Kolon, trapez kesitli makas kiri\u015fi elemanlar\u0131 kullan\u0131larak yap\u0131lan bu yap\u0131m sistemiyle, yap\u0131lar\u0131n betonarme ta\u015f\u0131y\u0131c\u0131 karkaslar\u0131 olu\u015fturulmaktad\u0131r. Bu sistemle katl\u0131 binalar, kreynli binalar, d\u0131\u015f cephe uygulamalar\u0131 yap\u0131labilmektedir. \u00d6ngermeli eleman \u00fcretimi teknolojisinden de yararlan\u0131lan bu sistemle, aks a\u00e7\u0131kl\u0131\u011f\u0131 30m&#8217;ye aks aral\u0131\u011f\u0131 10m&#8217;ye ula\u015fabilen yap\u0131lar in\u015faa edilebilmektedir. Ard Germeli Yap\u0131m Sistemi Daha \u00e7ok katl\u0131 [&hellip;]<\/p>","protected":false},"author":1,"featured_media":0,"parent":0,"menu_order":0,"comment_status":"closed","ping_status":"closed","template":"","meta":{"footnotes":""},"categories":[],"tags":[],"class_list":["post-2922","page","type-page","status-publish","hentry"],"_links":{"self":[{"href":"https:\/\/ergunlerprefabrik.com.tr\/en\/wp-json\/wp\/v2\/pages\/2922","targetHints":{"allow":["GET"]}}],"collection":[{"href":"https:\/\/ergunlerprefabrik.com.tr\/en\/wp-json\/wp\/v2\/pages"}],"about":[{"href":"https:\/\/ergunlerprefabrik.com.tr\/en\/wp-json\/wp\/v2\/types\/page"}],"author":[{"embeddable":true,"href":"https:\/\/ergunlerprefabrik.com.tr\/en\/wp-json\/wp\/v2\/users\/1"}],"replies":[{"embeddable":true,"href":"https:\/\/ergunlerprefabrik.com.tr\/en\/wp-json\/wp\/v2\/comments?post=2922"}],"version-history":[{"count":38,"href":"https:\/\/ergunlerprefabrik.com.tr\/en\/wp-json\/wp\/v2\/pages\/2922\/revisions"}],"predecessor-version":[{"id":3203,"href":"https:\/\/ergunlerprefabrik.com.tr\/en\/wp-json\/wp\/v2\/pages\/2922\/revisions\/3203"}],"wp:attachment":[{"href":"https:\/\/ergunlerprefabrik.com.tr\/en\/wp-json\/wp\/v2\/media?parent=2922"}],"wp:term":[{"taxonomy":"category","embeddable":true,"href":"https:\/\/ergunlerprefabrik.com.tr\/en\/wp-json\/wp\/v2\/categories?post=2922"},{"taxonomy":"post_tag","embeddable":true,"href":"https:\/\/ergunlerprefabrik.com.tr\/en\/wp-json\/wp\/v2\/tags?post=2922"}],"curies":[{"name":"wp","href":"https:\/\/api.w.org\/{rel}","templated":true}]}}