{"id":3145,"date":"2020-12-08T03:53:12","date_gmt":"2020-12-08T00:53:12","guid":{"rendered":"https:\/\/ergunlerprefabrik.com.tr\/?page_id=3145"},"modified":"2025-12-19T12:00:34","modified_gmt":"2025-12-19T09:00:34","slug":"urunler","status":"publish","type":"page","link":"https:\/\/ergunlerprefabrik.com.tr\/en\/urunler\/","title":{"rendered":"Products"},"content":{"rendered":"<div data-elementor-type=\"wp-page\" data-elementor-id=\"3145\" class=\"elementor elementor-3145\">\n\t\t\t\t\t\t<section class=\"elementor-section elementor-top-section elementor-element elementor-element-cc83c20 elementor-section-boxed elementor-section-height-default elementor-section-height-default\" data-id=\"cc83c20\" data-element_type=\"section\" data-settings=\"{&quot;background_background&quot;:&quot;slideshow&quot;,&quot;background_slideshow_gallery&quot;:[{&quot;id&quot;:2050,&quot;url&quot;:&quot;https:\\\/\\\/ergunlerprefabrik.com.tr\\\/wp-content\\\/uploads\\\/2023\\\/09\\\/about-us-banner.jpg&quot;},{&quot;id&quot;:2072,&quot;url&quot;:&quot;https:\\\/\\\/ergunlerprefabrik.com.tr\\\/wp-content\\\/uploads\\\/2023\\\/09\\\/campaign-creators-gMsnXqILjp4-unsplash-scaled.jpg&quot;},{&quot;id&quot;:2052,&quot;url&quot;:&quot;https:\\\/\\\/ergunlerprefabrik.com.tr\\\/wp-content\\\/uploads\\\/2023\\\/09\\\/welcome-to-our-business-accounting-services-web-header.jpg-nggid044143-ngg0dyn-1280x720x100-00f0w010c010r110f110r010t010.jpg&quot;}],&quot;background_slideshow_ken_burns&quot;:&quot;yes&quot;,&quot;background_slideshow_slide_duration&quot;:10000,&quot;background_slideshow_transition_duration&quot;:1000,&quot;background_slideshow_loop&quot;:&quot;yes&quot;,&quot;background_slideshow_slide_transition&quot;:&quot;fade&quot;,&quot;background_slideshow_ken_burns_zoom_direction&quot;:&quot;in&quot;}\">\n\t\t\t\t\t\t\t<div class=\"elementor-background-overlay\"><\/div>\n\t\t\t\t\t\t\t<div class=\"elementor-container elementor-column-gap-default\">\n\t\t\t\t\t<div class=\"elementor-column elementor-col-100 elementor-top-column elementor-element elementor-element-d6d0623\" data-id=\"d6d0623\" data-element_type=\"column\">\n\t\t\t<div class=\"elementor-widget-wrap elementor-element-populated\">\n\t\t\t\t\t\t<div class=\"elementor-element elementor-element-af9ebd6 elementor-widget elementor-widget-gva-heading-block\" data-id=\"af9ebd6\" data-element_type=\"widget\" data-widget_type=\"gva-heading-block.default\">\n\t\t\t\t<div class=\"elementor-widget-container\">\n\t\t\t\t\t<div class=\"gva-element-gva-heading-block gva-element\">   <div class=\"align-center style-1 widget gsc-heading box-align-left auto-responsive\">\r\n      <div class=\"content-inner\">\r\n         \r\n         \r\n           \r\n         \r\n                     <h2 class=\"title\">\r\n               <span>Production<\/span>\r\n            <\/h2>\r\n                  \r\n         \r\n      <\/div>\r\n   <\/div>\r\n<\/div>\t\t\t\t<\/div>\n\t\t\t\t<\/div>\n\t\t\t\t\t<\/div>\n\t\t<\/div>\n\t\t\t\t\t<\/div>\n\t\t<\/section>\n\t\t\t\t<section class=\"elementor-section elementor-top-section elementor-element elementor-element-cfe9709 elementor-section-boxed elementor-section-height-default elementor-section-height-default\" data-id=\"cfe9709\" data-element_type=\"section\">\n\t\t\t\t\t\t<div class=\"elementor-container elementor-column-gap-default\">\n\t\t\t\t\t<div class=\"elementor-column elementor-col-100 elementor-top-column elementor-element elementor-element-b600727\" data-id=\"b600727\" data-element_type=\"column\">\n\t\t\t<div class=\"elementor-widget-wrap elementor-element-populated\">\n\t\t\t\t\t\t<div class=\"elementor-element elementor-element-c1859ec elementor-position-inline-start icon-box-left elementor-view-default elementor-mobile-position-block-start elementor-widget elementor-widget-icon-box\" data-id=\"c1859ec\" data-element_type=\"widget\" data-widget_type=\"icon-box.default\">\n\t\t\t\t<div class=\"elementor-widget-container\">\n\t\t\t\t\t\t\t<div class=\"elementor-icon-box-wrapper\">\n\n\t\t\t\t\t\t<div class=\"elementor-icon-box-icon\">\n\t\t\t\t<span  class=\"elementor-icon\">\n\t\t\t\t<i aria-hidden=\"true\" class=\"fas fa-check-double\"><\/i>\t\t\t\t<\/span>\n\t\t\t<\/div>\n\t\t\t\n\t\t\t\t\t\t<div class=\"elementor-icon-box-content\">\n\n\t\t\t\t\t\t\t\t\t<h3 class=\"elementor-icon-box-title\">\n\t\t\t\t\t\t<span  >\n\t\t\t\t\t\t\tFacade Panels\t\t\t\t\t\t<\/span>\n\t\t\t\t\t<\/h3>\n\t\t\t\t\n\t\t\t\t\n\t\t\t<\/div>\n\t\t\t\n\t\t<\/div>\n\t\t\t\t\t\t<\/div>\n\t\t\t\t<\/div>\n\t\t\t\t\t<\/div>\n\t\t<\/div>\n\t\t\t\t\t<\/div>\n\t\t<\/section>\n\t\t\t\t<section class=\"elementor-section elementor-top-section elementor-element elementor-element-2d7c950 elementor-section-boxed elementor-section-height-default elementor-section-height-default\" data-id=\"2d7c950\" data-element_type=\"section\">\n\t\t\t\t\t\t<div class=\"elementor-container elementor-column-gap-default\">\n\t\t\t\t\t<div class=\"elementor-column elementor-col-100 elementor-top-column elementor-element elementor-element-dff4c95\" data-id=\"dff4c95\" data-element_type=\"column\">\n\t\t\t<div class=\"elementor-widget-wrap elementor-element-populated\">\n\t\t\t\t\t\t<div class=\"elementor-element elementor-element-6823b18 elementor-icon-list--layout-traditional elementor-list-item-link-full_width elementor-widget elementor-widget-icon-list\" data-id=\"6823b18\" data-element_type=\"widget\" data-widget_type=\"icon-list.default\">\n\t\t\t\t<div class=\"elementor-widget-container\">\n\t\t\t\t\t\t\t<ul class=\"elementor-icon-list-items\">\n\t\t\t\t\t\t\t<li class=\"elementor-icon-list-item\">\n\t\t\t\t\t\t\t\t\t\t<span class=\"elementor-icon-list-text\">Precast wall panels, which can be produced with partial insulation, can be manufactured in horizontal, vertical, flat, and ribbed designs.<\/span>\n\t\t\t\t\t\t\t\t\t<\/li>\n\t\t\t\t\t\t\t\t<li class=\"elementor-icon-list-item\">\n\t\t\t\t\t\t\t\t\t\t<span class=\"elementor-icon-list-text\">This system, which also benefits from post-tensioned element production technology, allows the construction of structures with a span of 30m and a spacing of 10m between axes.<\/span>\n\t\t\t\t\t\t\t\t\t<\/li>\n\t\t\t\t\t\t<\/ul>\n\t\t\t\t\t\t<\/div>\n\t\t\t\t<\/div>\n\t\t\t\t<div class=\"elementor-element elementor-element-39679d5 gallery-spacing-custom elementor-widget elementor-widget-image-gallery\" data-id=\"39679d5\" data-element_type=\"widget\" data-widget_type=\"image-gallery.default\">\n\t\t\t\t<div class=\"elementor-widget-container\">\n\t\t\t\t\t\t\t<div class=\"elementor-image-gallery\">\n\t\t\t\n\t\t<style type=\"text\/css\">\n\t\t\t#gallery-1 {\n\t\t\t\tmargin: auto;\n\t\t\t}\n\t\t\t#gallery-1 .gallery-item {\n\t\t\t\tfloat: left;\n\t\t\t\tmargin-top: 10px;\n\t\t\t\ttext-align: center;\n\t\t\t\twidth: 33%;\n\t\t\t}\n\t\t\t#gallery-1 img {\n\t\t\t\tborder: 2px solid #cfcfcf;\n\t\t\t}\n\t\t\t#gallery-1 .gallery-caption {\n\t\t\t\tmargin-left: 0;\n\t\t\t}\n\t\t\t\/* see gallery_shortcode() in wp-includes\/media.php *\/\n\t\t<\/style>\n\t\t<div id='gallery-1' class='gallery galleryid-3145 gallery-columns-3 gallery-size-medium'><dl class='gallery-item'>\n\t\t\t<dt class='gallery-icon landscape'>\n\t\t\t\t<a data-elementor-open-lightbox=\"yes\" data-elementor-lightbox-slideshow=\"39679d5\" data-elementor-lightbox-title=\"Cephe Panelleri (3)\" data-e-action-hash=\"#elementor-action%3Aaction%3Dlightbox%26settings%3DeyJpZCI6MzE1MiwidXJsIjoiaHR0cHM6XC9cL2VyZ3VubGVycHJlZmFicmlrLmNvbS50clwvd3AtY29udGVudFwvdXBsb2Fkc1wvMjAyNFwvMDdcL0NlcGhlLVBhbmVsbGVyaS0zLmpwZyIsInNsaWRlc2hvdyI6IjM5Njc5ZDUifQ%3D%3D\" href='https:\/\/ergunlerprefabrik.com.tr\/wp-content\/uploads\/2024\/07\/Cephe-Panelleri-3.jpg'><img fetchpriority=\"high\" decoding=\"async\" width=\"600\" height=\"540\" src=\"https:\/\/ergunlerprefabrik.com.tr\/wp-content\/uploads\/2024\/07\/Cephe-Panelleri-3-600x540.jpg\" class=\"attachment-medium size-medium\" alt=\"\" \/><\/a>\n\t\t\t<\/dt><\/dl><dl class='gallery-item'>\n\t\t\t<dt class='gallery-icon landscape'>\n\t\t\t\t<a data-elementor-open-lightbox=\"yes\" data-elementor-lightbox-slideshow=\"39679d5\" data-elementor-lightbox-title=\"Cephe Panelleri (1)\" data-e-action-hash=\"#elementor-action%3Aaction%3Dlightbox%26settings%3DeyJpZCI6MzE1MywidXJsIjoiaHR0cHM6XC9cL2VyZ3VubGVycHJlZmFicmlrLmNvbS50clwvd3AtY29udGVudFwvdXBsb2Fkc1wvMjAyNFwvMDdcL0NlcGhlLVBhbmVsbGVyaS0xLmpwZyIsInNsaWRlc2hvdyI6IjM5Njc5ZDUifQ%3D%3D\" href='https:\/\/ergunlerprefabrik.com.tr\/wp-content\/uploads\/2024\/07\/Cephe-Panelleri-1.jpg'><img decoding=\"async\" width=\"600\" height=\"540\" src=\"https:\/\/ergunlerprefabrik.com.tr\/wp-content\/uploads\/2024\/07\/Cephe-Panelleri-1-600x540.jpg\" class=\"attachment-medium size-medium\" alt=\"\" \/><\/a>\n\t\t\t<\/dt><\/dl><dl class='gallery-item'>\n\t\t\t<dt class='gallery-icon landscape'>\n\t\t\t\t<a data-elementor-open-lightbox=\"yes\" data-elementor-lightbox-slideshow=\"39679d5\" data-elementor-lightbox-title=\"Cephe Panelleri (2)\" data-e-action-hash=\"#elementor-action%3Aaction%3Dlightbox%26settings%3DeyJpZCI6MzE1NCwidXJsIjoiaHR0cHM6XC9cL2VyZ3VubGVycHJlZmFicmlrLmNvbS50clwvd3AtY29udGVudFwvdXBsb2Fkc1wvMjAyNFwvMDdcL0NlcGhlLVBhbmVsbGVyaS0yLmpwZyIsInNsaWRlc2hvdyI6IjM5Njc5ZDUifQ%3D%3D\" href='https:\/\/ergunlerprefabrik.com.tr\/wp-content\/uploads\/2024\/07\/Cephe-Panelleri-2.jpg'><img decoding=\"async\" width=\"600\" height=\"540\" src=\"https:\/\/ergunlerprefabrik.com.tr\/wp-content\/uploads\/2024\/07\/Cephe-Panelleri-2-600x540.jpg\" class=\"attachment-medium size-medium\" alt=\"\" \/><\/a>\n\t\t\t<\/dt><\/dl><br style=\"clear: both\" \/>\n\t\t<\/div>\n\t\t<\/div>\n\t\t\t\t\t\t<\/div>\n\t\t\t\t<\/div>\n\t\t\t\t<div class=\"elementor-element elementor-element-f9bfab6 elementor-position-inline-start icon-box-left elementor-view-default elementor-mobile-position-block-start elementor-widget elementor-widget-icon-box\" data-id=\"f9bfab6\" data-element_type=\"widget\" data-widget_type=\"icon-box.default\">\n\t\t\t\t<div class=\"elementor-widget-container\">\n\t\t\t\t\t\t\t<div class=\"elementor-icon-box-wrapper\">\n\n\t\t\t\t\t\t<div class=\"elementor-icon-box-icon\">\n\t\t\t\t<span  class=\"elementor-icon\">\n\t\t\t\t<i aria-hidden=\"true\" class=\"fas fa-check-double\"><\/i>\t\t\t\t<\/span>\n\t\t\t<\/div>\n\t\t\t\n\t\t\t\t\t\t<div class=\"elementor-icon-box-content\">\n\n\t\t\t\t\t\t\t\t\t<h3 class=\"elementor-icon-box-title\">\n\t\t\t\t\t\t<span  >\n\t\t\t\t\t\t\tFloor Elements\t\t\t\t\t\t<\/span>\n\t\t\t\t\t<\/h3>\n\t\t\t\t\n\t\t\t\t\n\t\t\t<\/div>\n\t\t\t\n\t\t<\/div>\n\t\t\t\t\t\t<\/div>\n\t\t\t\t<\/div>\n\t\t\t\t<div class=\"elementor-element elementor-element-5ac2593 elementor-icon-list--layout-traditional elementor-list-item-link-full_width elementor-widget elementor-widget-icon-list\" data-id=\"5ac2593\" data-element_type=\"widget\" data-widget_type=\"icon-list.default\">\n\t\t\t\t<div class=\"elementor-widget-container\">\n\t\t\t\t\t\t\t<ul class=\"elementor-icon-list-items\">\n\t\t\t\t\t\t\t<li class=\"elementor-icon-list-item\">\n\t\t\t\t\t\t\t\t\t\t<span class=\"elementor-icon-list-text\">As an alternative to traditional floor production, which is the most challenging production item due to scaffolding and casting conditions, the developed precast floor elements allow for spanning large openings and carrying heavy loads in structures.<\/span>\n\t\t\t\t\t\t\t\t\t<\/li>\n\t\t\t\t\t\t\t\t<li class=\"elementor-icon-list-item\">\n\t\t\t\t\t\t\t\t\t\t<span class=\"elementor-icon-list-text\">In this element, produced as hollow core flooring or TT flooring, a post-tensioned construction system is used. <br>\u0130malati yapilabilinen kal\u0131nl\u0131klar : 20cm \/25 cm \/30 cm<\/span>\n\t\t\t\t\t\t\t\t\t<\/li>\n\t\t\t\t\t\t<\/ul>\n\t\t\t\t\t\t<\/div>\n\t\t\t\t<\/div>\n\t\t\t\t<div class=\"elementor-element elementor-element-59f07e2 gallery-spacing-custom elementor-widget elementor-widget-image-gallery\" data-id=\"59f07e2\" data-element_type=\"widget\" data-widget_type=\"image-gallery.default\">\n\t\t\t\t<div class=\"elementor-widget-container\">\n\t\t\t\t\t\t\t<div class=\"elementor-image-gallery\">\n\t\t\t\n\t\t<style type=\"text\/css\">\n\t\t\t#gallery-2 {\n\t\t\t\tmargin: auto;\n\t\t\t}\n\t\t\t#gallery-2 .gallery-item {\n\t\t\t\tfloat: left;\n\t\t\t\tmargin-top: 10px;\n\t\t\t\ttext-align: center;\n\t\t\t\twidth: 33%;\n\t\t\t}\n\t\t\t#gallery-2 img {\n\t\t\t\tborder: 2px solid #cfcfcf;\n\t\t\t}\n\t\t\t#gallery-2 .gallery-caption {\n\t\t\t\tmargin-left: 0;\n\t\t\t}\n\t\t\t\/* see gallery_shortcode() in wp-includes\/media.php *\/\n\t\t<\/style>\n\t\t<div id='gallery-2' class='gallery galleryid-3145 gallery-columns-3 gallery-size-medium'><dl class='gallery-item'>\n\t\t\t<dt class='gallery-icon landscape'>\n\t\t\t\t<a data-elementor-open-lightbox=\"yes\" data-elementor-lightbox-slideshow=\"59f07e2\" data-elementor-lightbox-title=\"D\u00f6\u015feme Elemanlar\u0131 (3)\" data-e-action-hash=\"#elementor-action%3Aaction%3Dlightbox%26settings%3DeyJpZCI6MzE2MSwidXJsIjoiaHR0cHM6XC9cL2VyZ3VubGVycHJlZmFicmlrLmNvbS50clwvd3AtY29udGVudFwvdXBsb2Fkc1wvMjAyNFwvMDdcL0Rvc2VtZS1FbGVtYW5sYXJpLTMuanBnIiwic2xpZGVzaG93IjoiNTlmMDdlMiJ9\" href='https:\/\/ergunlerprefabrik.com.tr\/wp-content\/uploads\/2024\/07\/Doseme-Elemanlari-3.jpg'><img loading=\"lazy\" decoding=\"async\" width=\"600\" height=\"506\" src=\"https:\/\/ergunlerprefabrik.com.tr\/wp-content\/uploads\/2024\/07\/Doseme-Elemanlari-3-600x506.jpg\" class=\"attachment-medium size-medium\" alt=\"\" \/><\/a>\n\t\t\t<\/dt><\/dl><dl class='gallery-item'>\n\t\t\t<dt class='gallery-icon landscape'>\n\t\t\t\t<a data-elementor-open-lightbox=\"yes\" data-elementor-lightbox-slideshow=\"59f07e2\" data-elementor-lightbox-title=\"D\u00f6\u015feme Elemanlar\u0131 (1)\" data-e-action-hash=\"#elementor-action%3Aaction%3Dlightbox%26settings%3DeyJpZCI6MzE2MiwidXJsIjoiaHR0cHM6XC9cL2VyZ3VubGVycHJlZmFicmlrLmNvbS50clwvd3AtY29udGVudFwvdXBsb2Fkc1wvMjAyNFwvMDdcL0Rvc2VtZS1FbGVtYW5sYXJpLTEuanBnIiwic2xpZGVzaG93IjoiNTlmMDdlMiJ9\" href='https:\/\/ergunlerprefabrik.com.tr\/wp-content\/uploads\/2024\/07\/Doseme-Elemanlari-1.jpg'><img loading=\"lazy\" decoding=\"async\" width=\"600\" height=\"540\" src=\"https:\/\/ergunlerprefabrik.com.tr\/wp-content\/uploads\/2024\/07\/Doseme-Elemanlari-1-600x540.jpg\" class=\"attachment-medium size-medium\" alt=\"\" \/><\/a>\n\t\t\t<\/dt><\/dl><dl class='gallery-item'>\n\t\t\t<dt class='gallery-icon landscape'>\n\t\t\t\t<a data-elementor-open-lightbox=\"yes\" data-elementor-lightbox-slideshow=\"59f07e2\" data-elementor-lightbox-title=\"D\u00f6\u015feme Elemanlar\u0131 (2)\" data-e-action-hash=\"#elementor-action%3Aaction%3Dlightbox%26settings%3DeyJpZCI6MzE2MywidXJsIjoiaHR0cHM6XC9cL2VyZ3VubGVycHJlZmFicmlrLmNvbS50clwvd3AtY29udGVudFwvdXBsb2Fkc1wvMjAyNFwvMDdcL0Rvc2VtZS1FbGVtYW5sYXJpLTIuanBnIiwic2xpZGVzaG93IjoiNTlmMDdlMiJ9\" href='https:\/\/ergunlerprefabrik.com.tr\/wp-content\/uploads\/2024\/07\/Doseme-Elemanlari-2.jpg'><img loading=\"lazy\" decoding=\"async\" width=\"600\" height=\"540\" src=\"https:\/\/ergunlerprefabrik.com.tr\/wp-content\/uploads\/2024\/07\/Doseme-Elemanlari-2-600x540.jpg\" class=\"attachment-medium size-medium\" alt=\"\" \/><\/a>\n\t\t\t<\/dt><\/dl><br style=\"clear: both\" \/>\n\t\t<\/div>\n\t\t<\/div>\n\t\t\t\t\t\t<\/div>\n\t\t\t\t<\/div>\n\t\t\t\t<div class=\"elementor-element elementor-element-96ecd5c elementor-position-inline-start icon-box-left elementor-view-default elementor-mobile-position-block-start elementor-widget elementor-widget-icon-box\" data-id=\"96ecd5c\" data-element_type=\"widget\" data-widget_type=\"icon-box.default\">\n\t\t\t\t<div class=\"elementor-widget-container\">\n\t\t\t\t\t\t\t<div class=\"elementor-icon-box-wrapper\">\n\n\t\t\t\t\t\t<div class=\"elementor-icon-box-icon\">\n\t\t\t\t<span  class=\"elementor-icon\">\n\t\t\t\t<i aria-hidden=\"true\" class=\"fas fa-check-double\"><\/i>\t\t\t\t<\/span>\n\t\t\t<\/div>\n\t\t\t\n\t\t\t\t\t\t<div class=\"elementor-icon-box-content\">\n\n\t\t\t\t\t\t\t\t\t<h3 class=\"elementor-icon-box-title\">\n\t\t\t\t\t\t<span  >\n\t\t\t\t\t\t\tBridge Beam\t\t\t\t\t\t<\/span>\n\t\t\t\t\t<\/h3>\n\t\t\t\t\n\t\t\t\t\n\t\t\t<\/div>\n\t\t\t\n\t\t<\/div>\n\t\t\t\t\t\t<\/div>\n\t\t\t\t<\/div>\n\t\t\t\t<div class=\"elementor-element elementor-element-7ac59a1 elementor-icon-list--layout-traditional elementor-list-item-link-full_width elementor-widget elementor-widget-icon-list\" data-id=\"7ac59a1\" data-element_type=\"widget\" data-widget_type=\"icon-list.default\">\n\t\t\t\t<div class=\"elementor-widget-container\">\n\t\t\t\t\t\t\t<ul class=\"elementor-icon-list-items\">\n\t\t\t\t\t\t\t<li class=\"elementor-icon-list-item\">\n\t\t\t\t\t\t\t\t\t\t<span class=\"elementor-icon-list-text\">These precast beams, produced using the post-tensioned manufacturing method, can be used in bridge viaducts and overpasses, allowing spans of up to 30m.<\/span>\n\t\t\t\t\t\t\t\t\t<\/li>\n\t\t\t\t\t\t<\/ul>\n\t\t\t\t\t\t<\/div>\n\t\t\t\t<\/div>\n\t\t\t\t<div class=\"elementor-element elementor-element-d4638ac gallery-spacing-custom elementor-widget elementor-widget-image-gallery\" data-id=\"d4638ac\" data-element_type=\"widget\" data-widget_type=\"image-gallery.default\">\n\t\t\t\t<div class=\"elementor-widget-container\">\n\t\t\t\t\t\t\t<div class=\"elementor-image-gallery\">\n\t\t\t\n\t\t<style type=\"text\/css\">\n\t\t\t#gallery-3 {\n\t\t\t\tmargin: auto;\n\t\t\t}\n\t\t\t#gallery-3 .gallery-item {\n\t\t\t\tfloat: left;\n\t\t\t\tmargin-top: 10px;\n\t\t\t\ttext-align: center;\n\t\t\t\twidth: 33%;\n\t\t\t}\n\t\t\t#gallery-3 img {\n\t\t\t\tborder: 2px solid #cfcfcf;\n\t\t\t}\n\t\t\t#gallery-3 .gallery-caption {\n\t\t\t\tmargin-left: 0;\n\t\t\t}\n\t\t\t\/* see gallery_shortcode() in wp-includes\/media.php *\/\n\t\t<\/style>\n\t\t<div id='gallery-3' class='gallery galleryid-3145 gallery-columns-3 gallery-size-medium'><dl class='gallery-item'>\n\t\t\t<dt class='gallery-icon landscape'>\n\t\t\t\t<a data-elementor-open-lightbox=\"yes\" data-elementor-lightbox-slideshow=\"d4638ac\" data-elementor-lightbox-title=\"K\u00f6pr\u00fc Kiri\u015fi (2)\" data-e-action-hash=\"#elementor-action%3Aaction%3Dlightbox%26settings%3DeyJpZCI6MzE2OCwidXJsIjoiaHR0cHM6XC9cL2VyZ3VubGVycHJlZmFicmlrLmNvbS50clwvd3AtY29udGVudFwvdXBsb2Fkc1wvMjAyNFwvMDdcL0tvcHJ1LUtpcmlzaS0yLmpwZyIsInNsaWRlc2hvdyI6ImQ0NjM4YWMifQ%3D%3D\" href='https:\/\/ergunlerprefabrik.com.tr\/wp-content\/uploads\/2024\/07\/Kopru-Kirisi-2.jpg'><img loading=\"lazy\" decoding=\"async\" width=\"600\" height=\"506\" src=\"https:\/\/ergunlerprefabrik.com.tr\/wp-content\/uploads\/2024\/07\/Kopru-Kirisi-2-600x506.jpg\" class=\"attachment-medium size-medium\" alt=\"\" \/><\/a>\n\t\t\t<\/dt><\/dl><dl class='gallery-item'>\n\t\t\t<dt class='gallery-icon landscape'>\n\t\t\t\t<a data-elementor-open-lightbox=\"yes\" data-elementor-lightbox-slideshow=\"d4638ac\" data-elementor-lightbox-title=\"K\u00f6pr\u00fc Kiri\u015fi (1)\" data-e-action-hash=\"#elementor-action%3Aaction%3Dlightbox%26settings%3DeyJpZCI6MzE2OSwidXJsIjoiaHR0cHM6XC9cL2VyZ3VubGVycHJlZmFicmlrLmNvbS50clwvd3AtY29udGVudFwvdXBsb2Fkc1wvMjAyNFwvMDdcL0tvcHJ1LUtpcmlzaS0xLmpwZyIsInNsaWRlc2hvdyI6ImQ0NjM4YWMifQ%3D%3D\" href='https:\/\/ergunlerprefabrik.com.tr\/wp-content\/uploads\/2024\/07\/Kopru-Kirisi-1.jpg'><img loading=\"lazy\" decoding=\"async\" width=\"600\" height=\"540\" src=\"https:\/\/ergunlerprefabrik.com.tr\/wp-content\/uploads\/2024\/07\/Kopru-Kirisi-1-600x540.jpg\" class=\"attachment-medium size-medium\" alt=\"\" \/><\/a>\n\t\t\t<\/dt><\/dl>\n\t\t\t<br style='clear: both' \/>\n\t\t<\/div>\n\t\t<\/div>\n\t\t\t\t\t\t<\/div>\n\t\t\t\t<\/div>\n\t\t\t\t<div class=\"elementor-element elementor-element-403ca8a elementor-position-inline-start icon-box-left elementor-view-default elementor-mobile-position-block-start elementor-widget elementor-widget-icon-box\" data-id=\"403ca8a\" data-element_type=\"widget\" data-widget_type=\"icon-box.default\">\n\t\t\t\t<div class=\"elementor-widget-container\">\n\t\t\t\t\t\t\t<div class=\"elementor-icon-box-wrapper\">\n\n\t\t\t\t\t\t<div class=\"elementor-icon-box-icon\">\n\t\t\t\t<span  class=\"elementor-icon\">\n\t\t\t\t<i aria-hidden=\"true\" class=\"fas fa-check-double\"><\/i>\t\t\t\t<\/span>\n\t\t\t<\/div>\n\t\t\t\n\t\t\t\t\t\t<div class=\"elementor-icon-box-content\">\n\n\t\t\t\t\t\t\t\t\t<h3 class=\"elementor-icon-box-title\">\n\t\t\t\t\t\t<span  >\n\t\t\t\t\t\t\tPrecast Fake Piles\t\t\t\t\t\t<\/span>\n\t\t\t\t\t<\/h3>\n\t\t\t\t\n\t\t\t\t\n\t\t\t<\/div>\n\t\t\t\n\t\t<\/div>\n\t\t\t\t\t\t<\/div>\n\t\t\t\t<\/div>\n\t\t\t\t<div class=\"elementor-element elementor-element-89dfa2c elementor-icon-list--layout-traditional elementor-list-item-link-full_width elementor-widget elementor-widget-icon-list\" data-id=\"89dfa2c\" data-element_type=\"widget\" data-widget_type=\"icon-list.default\">\n\t\t\t\t<div class=\"elementor-widget-container\">\n\t\t\t\t\t\t\t<ul class=\"elementor-icon-list-items\">\n\t\t\t\t\t\t\t<li class=\"elementor-icon-list-item\">\n\t\t\t\t\t\t\t\t\t\t<span class=\"elementor-icon-list-text\">Precast driven piles are high-performance structural elements preferred in ground improvement and foundation systems.<\/span>\n\t\t\t\t\t\t\t\t\t<\/li>\n\t\t\t\t\t\t\t\t<li class=\"elementor-icon-list-item\">\n\t\t\t\t\t\t\t\t\t\t<span class=\"elementor-icon-list-text\"><b>High Carrying Capacity:<\/b> Precast piles produced in a factory environment have high load-bearing capacity due to homogeneous concrete quality and controlled reinforcement placement.<\/span>\n\t\t\t\t\t\t\t\t\t<\/li>\n\t\t\t\t\t\t\t\t<li class=\"elementor-icon-list-item\">\n\t\t\t\t\t\t\t\t\t\t<span class=\"elementor-icon-list-text\"><b>Quality Control:<\/b> Ensuring quality control throughout the production process increases the durability and reliability of the piles. Defects can be detected and addressed during the production stage.<\/span>\n\t\t\t\t\t\t\t\t\t<\/li>\n\t\t\t\t\t\t\t\t<li class=\"elementor-icon-list-item\">\n\t\t\t\t\t\t\t\t\t\t<span class=\"elementor-icon-list-text\"><b>Various Section Options:<\/b> Square, circular, octagonal and other cross-section options can offer project-specific solutions.<\/span>\n\t\t\t\t\t\t\t\t\t<\/li>\n\t\t\t\t\t\t<\/ul>\n\t\t\t\t\t\t<\/div>\n\t\t\t\t<\/div>\n\t\t\t\t<div class=\"elementor-element elementor-element-02eecb9 gallery-spacing-custom elementor-widget elementor-widget-image-gallery\" data-id=\"02eecb9\" data-element_type=\"widget\" data-widget_type=\"image-gallery.default\">\n\t\t\t\t<div class=\"elementor-widget-container\">\n\t\t\t\t\t\t\t<div class=\"elementor-image-gallery\">\n\t\t\t\n\t\t<style type=\"text\/css\">\n\t\t\t#gallery-4 {\n\t\t\t\tmargin: auto;\n\t\t\t}\n\t\t\t#gallery-4 .gallery-item {\n\t\t\t\tfloat: left;\n\t\t\t\tmargin-top: 10px;\n\t\t\t\ttext-align: center;\n\t\t\t\twidth: 33%;\n\t\t\t}\n\t\t\t#gallery-4 img {\n\t\t\t\tborder: 2px solid #cfcfcf;\n\t\t\t}\n\t\t\t#gallery-4 .gallery-caption {\n\t\t\t\tmargin-left: 0;\n\t\t\t}\n\t\t\t\/* see gallery_shortcode() in wp-includes\/media.php *\/\n\t\t<\/style>\n\t\t<div id='gallery-4' class='gallery galleryid-3145 gallery-columns-3 gallery-size-medium'><dl class='gallery-item'>\n\t\t\t<dt class='gallery-icon landscape'>\n\t\t\t\t<a data-elementor-open-lightbox=\"yes\" data-elementor-lightbox-slideshow=\"02eecb9\" data-elementor-lightbox-title=\"PREFABRIK KAZIK\" data-e-action-hash=\"#elementor-action%3Aaction%3Dlightbox%26settings%3DeyJpZCI6MzMzNywidXJsIjoiaHR0cHM6XC9cL2VyZ3VubGVycHJlZmFicmlrLmNvbS50clwvd3AtY29udGVudFwvdXBsb2Fkc1wvMjAyNVwvMDlcL1BSRUZBQlJJSy1LQVpJSy5qcGciLCJzbGlkZXNob3ciOiIwMmVlY2I5In0%3D\" href='https:\/\/ergunlerprefabrik.com.tr\/wp-content\/uploads\/2025\/09\/PREFABRIK-KAZIK.jpg'><img loading=\"lazy\" decoding=\"async\" width=\"600\" height=\"540\" src=\"https:\/\/ergunlerprefabrik.com.tr\/wp-content\/uploads\/2025\/09\/PREFABRIK-KAZIK-600x540.jpg\" class=\"attachment-medium size-medium\" alt=\"\" \/><\/a>\n\t\t\t<\/dt><\/dl><dl class='gallery-item'>\n\t\t\t<dt class='gallery-icon portrait'>\n\t\t\t\t<a data-elementor-open-lightbox=\"yes\" data-elementor-lightbox-slideshow=\"02eecb9\" data-elementor-lightbox-title=\"UYGULAMA TEKNIGI\" data-e-action-hash=\"#elementor-action%3Aaction%3Dlightbox%26settings%3DeyJpZCI6MzMzOCwidXJsIjoiaHR0cHM6XC9cL2VyZ3VubGVycHJlZmFicmlrLmNvbS50clwvd3AtY29udGVudFwvdXBsb2Fkc1wvMjAyNVwvMDlcL1VZR1VMQU1BLVRFS05JR0kuanBnIiwic2xpZGVzaG93IjoiMDJlZWNiOSJ9\" href='https:\/\/ergunlerprefabrik.com.tr\/wp-content\/uploads\/2025\/09\/UYGULAMA-TEKNIGI.jpg'><img loading=\"lazy\" decoding=\"async\" width=\"600\" height=\"540\" src=\"https:\/\/ergunlerprefabrik.com.tr\/wp-content\/uploads\/2025\/09\/UYGULAMA-TEKNIGI-600x540.jpg\" class=\"attachment-medium size-medium\" alt=\"\" \/><\/a>\n\t\t\t<\/dt><\/dl>\n\t\t\t<br style='clear: both' \/>\n\t\t<\/div>\n\t\t<\/div>\n\t\t\t\t\t\t<\/div>\n\t\t\t\t<\/div>\n\t\t\t\t\t<\/div>\n\t\t<\/div>\n\t\t\t\t\t<\/div>\n\t\t<\/section>\n\t\t\t\t<\/div>","protected":false},"excerpt":{"rendered":"<p>\u00dcretim Cephe Panelleri K\u0131smi yal\u0131t\u0131ml\u0131 olarak \u00fcretilebilen prekast duvar panelleri yatay d\u00fc\u015fey, d\u00fcz ve nerv\u00fcrl\u00fc olarak \u00fcretilebilmektedir. \u00d6ngermeli eleman \u00fcretimi teknolojisinden de yararlan\u0131lan bu sistemle, aks a\u00e7\u0131kl\u0131\u011f\u0131 30m&#8217;ye aks aral\u0131\u011f\u0131 10m&#8217;ye ula\u015fabilen yap\u0131lar in\u015faa edilebilmektedir. D\u00f6\u015feme Elemanlar\u0131 Yap\u0131larda gerek iskele gerek d\u00f6k\u00fcm \u015fartlar\u0131ndan dolay\u0131 en zor \u00fcretim kalemini olu\u015fturan klasik d\u00f6\u015feme imalatlar\u0131na alternatif olarak, geli\u015ftirilen [&hellip;]<\/p>","protected":false},"author":1,"featured_media":0,"parent":0,"menu_order":0,"comment_status":"closed","ping_status":"closed","template":"","meta":{"footnotes":""},"categories":[],"tags":[],"class_list":["post-3145","page","type-page","status-publish","hentry"],"_links":{"self":[{"href":"https:\/\/ergunlerprefabrik.com.tr\/en\/wp-json\/wp\/v2\/pages\/3145","targetHints":{"allow":["GET"]}}],"collection":[{"href":"https:\/\/ergunlerprefabrik.com.tr\/en\/wp-json\/wp\/v2\/pages"}],"about":[{"href":"https:\/\/ergunlerprefabrik.com.tr\/en\/wp-json\/wp\/v2\/types\/page"}],"author":[{"embeddable":true,"href":"https:\/\/ergunlerprefabrik.com.tr\/en\/wp-json\/wp\/v2\/users\/1"}],"replies":[{"embeddable":true,"href":"https:\/\/ergunlerprefabrik.com.tr\/en\/wp-json\/wp\/v2\/comments?post=3145"}],"version-history":[{"count":31,"href":"https:\/\/ergunlerprefabrik.com.tr\/en\/wp-json\/wp\/v2\/pages\/3145\/revisions"}],"predecessor-version":[{"id":3351,"href":"https:\/\/ergunlerprefabrik.com.tr\/en\/wp-json\/wp\/v2\/pages\/3145\/revisions\/3351"}],"wp:attachment":[{"href":"https:\/\/ergunlerprefabrik.com.tr\/en\/wp-json\/wp\/v2\/media?parent=3145"}],"wp:term":[{"taxonomy":"category","embeddable":true,"href":"https:\/\/ergunlerprefabrik.com.tr\/en\/wp-json\/wp\/v2\/categories?post=3145"},{"taxonomy":"post_tag","embeddable":true,"href":"https:\/\/ergunlerprefabrik.com.tr\/en\/wp-json\/wp\/v2\/tags?post=3145"}],"curies":[{"name":"wp","href":"https:\/\/api.w.org\/{rel}","templated":true}]}}